{"id":21,"date":"2023-10-01T15:46:45","date_gmt":"2023-10-01T15:46:45","guid":{"rendered":"https:\/\/seflondra.com\/?page_id=21"},"modified":"2025-06-04T14:10:20","modified_gmt":"2025-06-04T14:10:20","slug":"contact-us","status":"publish","type":"page","link":"https:\/\/www.cheflondra.com\/index.php\/contact-us\/","title":{"rendered":"\u0130leti\u015fim"},"content":{"rendered":"\t\t<div data-elementor-type=\"wp-page\" data-elementor-id=\"21\" class=\"elementor elementor-21\">\n\t\t\t\t<div class=\"elementor-element elementor-element-6dee6505 e-flex e-con-boxed e-con e-parent\" data-id=\"6dee6505\" data-element_type=\"container\">\n\t\t\t\t\t<div class=\"e-con-inner\">\n\t\t\t\t<div class=\"elementor-element elementor-element-63b7715 elementor-widget elementor-widget-text-editor\" data-id=\"63b7715\" data-element_type=\"widget\" data-widget_type=\"text-editor.default\">\n\t\t\t\t<div class=\"elementor-widget-container\">\n\t\t\t\t\t\t\t\t\t\n<div class=\"wp-block-contact-form-7-contact-form-selector\">\n<div class=\"wpcf7 no-js\" id=\"wpcf7-f72-o1\" lang=\"en\" dir=\"ltr\">\n<div class=\"screen-reader-response\"><p role=\"status\" aria-live=\"polite\" aria-atomic=\"true\"><\/p> <ul><\/ul><\/div>\n<form action=\"\/index.php\/wp-json\/wp\/v2\/pages\/21#wpcf7-f72-o1\" method=\"post\" class=\"wpcf7-form init\" aria-label=\"Contact form\" enctype=\"multipart\/form-data\" novalidate=\"novalidate\" data-status=\"init\">\n<div style=\"display: none;\">\n<input type=\"hidden\" name=\"_wpcf7\" value=\"72\" \/>\n<input type=\"hidden\" name=\"_wpcf7_version\" value=\"5.9.8\" \/>\n<input type=\"hidden\" name=\"_wpcf7_locale\" value=\"en\" \/>\n<input type=\"hidden\" name=\"_wpcf7_unit_tag\" value=\"wpcf7-f72-o1\" \/>\n<input type=\"hidden\" name=\"_wpcf7_container_post\" value=\"0\" \/>\n<input type=\"hidden\" name=\"_wpcf7_posted_data_hash\" value=\"\" \/>\n<input type=\"hidden\" name=\"_wpcf7_recaptcha_response\" value=\"\" \/>\n<\/div>\n<div class=\"form-title\">\n\t<p>Kay\u0131t Ol\n\t<\/p>\n<\/div>\n<p><label> Ad\u0131n\u0131z <\/label><br \/>\n<span class=\"wpcf7-form-control-wrap\" data-name=\"your-name\"><input size=\"40\" maxlength=\"400\" class=\"wpcf7-form-control wpcf7-text wpcf7-validates-as-required\" autocomplete=\"name\" aria-required=\"true\" aria-invalid=\"false\" value=\"\" type=\"text\" name=\"your-name\" \/><\/span>\n<\/p>\n<p><label> Soyad\u0131n\u0131z <\/label><br \/>\n<span class=\"wpcf7-form-control-wrap\" data-name=\"your-surname\"><input size=\"40\" maxlength=\"400\" class=\"wpcf7-form-control wpcf7-text wpcf7-validates-as-required\" autocomplete=\"name\" aria-required=\"true\" aria-invalid=\"false\" value=\"\" type=\"text\" name=\"your-surname\" \/><\/span>\n<\/p>\n<p><label> Telefon Numaran\u0131z <\/label><br \/>\n<span class=\"wpcf7-form-control-wrap\" data-name=\"tel-622\"><input size=\"40\" maxlength=\"400\" class=\"wpcf7-form-control wpcf7-tel wpcf7-text wpcf7-validates-as-tel\" aria-invalid=\"false\" value=\"\" type=\"tel\" name=\"tel-622\" \/><\/span>\n<\/p>\n<p><label> E-Mail Adresiniz <\/label><br \/>\n<span class=\"wpcf7-form-control-wrap\" data-name=\"your-email\"><input size=\"40\" maxlength=\"400\" class=\"wpcf7-form-control wpcf7-email wpcf7-validates-as-required wpcf7-text wpcf7-validates-as-email\" autocomplete=\"email\" aria-required=\"true\" aria-invalid=\"false\" value=\"\" type=\"email\" name=\"your-email\" \/><\/span>\n<\/p>\n<p><label>Alan\u0131n\u0131z (En Fazla 3 Adet Se\u00e7iniz)<\/label><br \/>\n<span class=\"wpcf7-form-control-wrap\" data-name=\"checkbox-field\"><span class=\"wpcf7-form-control wpcf7-checkbox wpcf7-validates-as-required CFCheckbox\"><span class=\"wpcf7-list-item first\"><label><input type=\"checkbox\" name=\"checkbox-field[]\" value=\"A\u015f\u00e7\u0131\" \/><span class=\"wpcf7-list-item-label\">A\u015f\u00e7\u0131<\/span><\/label><\/span><span class=\"wpcf7-list-item\"><label><input type=\"checkbox\" name=\"checkbox-field[]\" value=\"A\u015f\u00e7\u0131 Yard\u0131mc\u0131s\u0131\" \/><span class=\"wpcf7-list-item-label\">A\u015f\u00e7\u0131 Yard\u0131mc\u0131s\u0131<\/span><\/label><\/span><span class=\"wpcf7-list-item\"><label><input type=\"checkbox\" name=\"checkbox-field[]\" value=\"A\u015f\u00e7\u0131 \u00c7\u0131ra\u011f\u0131\" \/><span class=\"wpcf7-list-item-label\">A\u015f\u00e7\u0131 \u00c7\u0131ra\u011f\u0131<\/span><\/label><\/span><span class=\"wpcf7-list-item\"><label><input type=\"checkbox\" name=\"checkbox-field[]\" value=\"Pastac\u0131\" \/><span class=\"wpcf7-list-item-label\">Pastac\u0131<\/span><\/label><\/span><span class=\"wpcf7-list-item\"><label><input type=\"checkbox\" name=\"checkbox-field[]\" value=\"Pastac\u0131 Yard\u0131mc\u0131s\u0131\" \/><span class=\"wpcf7-list-item-label\">Pastac\u0131 Yard\u0131mc\u0131s\u0131<\/span><\/label><\/span><span class=\"wpcf7-list-item\"><label><input type=\"checkbox\" name=\"checkbox-field[]\" value=\"Pastac\u0131 \u00c7\u0131ra\u011f\u0131\" \/><span class=\"wpcf7-list-item-label\">Pastac\u0131 \u00c7\u0131ra\u011f\u0131<\/span><\/label><\/span><span class=\"wpcf7-list-item\"><label><input type=\"checkbox\" name=\"checkbox-field[]\" value=\"Ekmek\u00e7i\" \/><span class=\"wpcf7-list-item-label\">Ekmek\u00e7i<\/span><\/label><\/span><span class=\"wpcf7-list-item\"><label><input type=\"checkbox\" name=\"checkbox-field[]\" value=\"Barmen\" \/><span class=\"wpcf7-list-item-label\">Barmen<\/span><\/label><\/span><span class=\"wpcf7-list-item\"><label><input type=\"checkbox\" name=\"checkbox-field[]\" value=\"Barista\" \/><span class=\"wpcf7-list-item-label\">Barista<\/span><\/label><\/span><span class=\"wpcf7-list-item\"><label><input type=\"checkbox\" name=\"checkbox-field[]\" value=\"Servis personeli\" \/><span class=\"wpcf7-list-item-label\">Servis personeli<\/span><\/label><\/span><span class=\"wpcf7-list-item\"><label><input type=\"checkbox\" name=\"checkbox-field[]\" value=\"Kebap\u00e7\u0131\" \/><span class=\"wpcf7-list-item-label\">Kebap\u00e7\u0131<\/span><\/label><\/span><span class=\"wpcf7-list-item\"><label><input type=\"checkbox\" name=\"checkbox-field[]\" value=\"D\u00f6nerci\" \/><span class=\"wpcf7-list-item-label\">D\u00f6nerci<\/span><\/label><\/span><span class=\"wpcf7-list-item\"><label><input type=\"checkbox\" name=\"checkbox-field[]\" value=\"Pideci\" \/><span class=\"wpcf7-list-item-label\">Pideci<\/span><\/label><\/span><span class=\"wpcf7-list-item last\"><label><input type=\"checkbox\" name=\"checkbox-field[]\" value=\"Pizzac\u0131\" \/><span class=\"wpcf7-list-item-label\">Pizzac\u0131<\/span><\/label><\/span><\/span><\/span>\n<\/p>\n<p><label> Eklemek \u0130stedi\u011finiz Mesaj (Opsiyonel) <\/label><br \/>\n<span class=\"wpcf7-form-control-wrap\" data-name=\"your-message\"><textarea cols=\"40\" rows=\"10\" maxlength=\"2000\" class=\"wpcf7-form-control wpcf7-textarea\" aria-invalid=\"false\" name=\"your-message\"><\/textarea><\/span>\n<\/p>\n<p><label> \u00d6zge\u00e7mi\u015f <\/label><br \/>\n<span class=\"wpcf7-form-control-wrap\" data-name=\"file-cv2\"><input size=\"40\" class=\"wpcf7-form-control wpcf7-file your-file\" accept=\".docx,.pdf,.doc,.csv\" aria-invalid=\"false\" type=\"file\" name=\"file-cv2\" \/><\/span>\n<\/p>\n<p><label> \u0130ngilizce Sertifikan\u0131z <\/label><br \/>\n<span class=\"wpcf7-form-control-wrap\" data-name=\"certificate\"><input size=\"40\" class=\"wpcf7-form-control wpcf7-file\" accept=\".docx,.pdf,.doc,.csv\" aria-invalid=\"false\" type=\"file\" name=\"certificate\" \/><\/span>\n<\/p>\n<p><input class=\"wpcf7-form-control wpcf7-submit has-spinner custom-submit-button\" type=\"submit\" value=\"Submit\" \/>\n<\/p><div class=\"wpcf7-response-output\" aria-hidden=\"true\"><\/div>\n<\/form>\n<\/div>\n<\/div>\n\t\t\t\t\t\t\t\t<\/div>\n\t\t\t\t<\/div>\n\t\t\t\t\t<\/div>\n\t\t\t\t<\/div>\n\t\t<div class=\"elementor-element elementor-element-fc3e298 e-flex e-con-boxed e-con e-parent\" data-id=\"fc3e298\" data-element_type=\"container\">\n\t\t\t\t\t<div class=\"e-con-inner\">\n\t\t\t\t<div class=\"elementor-element elementor-element-316d515 elementor-widget elementor-widget-heading\" data-id=\"316d515\" data-element_type=\"widget\" data-widget_type=\"heading.default\">\n\t\t\t\t<div class=\"elementor-widget-container\">\n\t\t\t\t\t<h2 class=\"elementor-heading-title elementor-size-default\">Sorunuz varsa \u0130ngiltere temsilcimiz Demir bey: demir@cheflondra.com\nAnkara ofisimiz: Admin@cheflondra.com\n<\/h2>\t\t\t\t<\/div>\n\t\t\t\t<\/div>\n\t\t\t\t\t<\/div>\n\t\t\t\t<\/div>\n\t\t\t\t<\/div>\n\t\t","protected":false},"excerpt":{"rendered":"<p>Sorunuz varsa \u0130ngiltere temsilcimiz Demir bey: demir@cheflondra.com Ankara ofisimiz: Admin@cheflondra.com<\/p>\n","protected":false},"author":1,"featured_media":0,"parent":0,"menu_order":0,"comment_status":"closed","ping_status":"closed","template":"","meta":{"footnotes":""},"_links":{"self":[{"href":"https:\/\/www.cheflondra.com\/index.php\/wp-json\/wp\/v2\/pages\/21"}],"collection":[{"href":"https:\/\/www.cheflondra.com\/index.php\/wp-json\/wp\/v2\/pages"}],"about":[{"href":"https:\/\/www.cheflondra.com\/index.php\/wp-json\/wp\/v2\/types\/page"}],"author":[{"embeddable":true,"href":"https:\/\/www.cheflondra.com\/index.php\/wp-json\/wp\/v2\/users\/1"}],"replies":[{"embeddable":true,"href":"https:\/\/www.cheflondra.com\/index.php\/wp-json\/wp\/v2\/comments?post=21"}],"version-history":[{"count":5,"href":"https:\/\/www.cheflondra.com\/index.php\/wp-json\/wp\/v2\/pages\/21\/revisions"}],"predecessor-version":[{"id":2715,"href":"https:\/\/www.cheflondra.com\/index.php\/wp-json\/wp\/v2\/pages\/21\/revisions\/2715"}],"wp:attachment":[{"href":"https:\/\/www.cheflondra.com\/index.php\/wp-json\/wp\/v2\/media?parent=21"}],"curies":[{"name":"wp","href":"https:\/\/api.w.org\/{rel}","templated":true}]}}