{"id":333,"date":"2023-10-21T13:58:00","date_gmt":"2023-10-21T13:58:00","guid":{"rendered":"https:\/\/www.cheflondra.com\/?page_id=333"},"modified":"2023-11-01T17:44:43","modified_gmt":"2023-11-01T17:44:43","slug":"isveren-basvurusu","status":"publish","type":"page","link":"https:\/\/www.cheflondra.com\/index.php\/isveren-basvurusu\/","title":{"rendered":"\u0130\u015fverenler \u0130\u00e7in"},"content":{"rendered":"\n\n\n\n","protected":false},"excerpt":{"rendered":"","protected":false},"author":1,"featured_media":0,"parent":0,"menu_order":0,"comment_status":"closed","ping_status":"closed","template":"","meta":{"footnotes":"[]"},"_links":{"self":[{"href":"https:\/\/www.cheflondra.com\/index.php\/wp-json\/wp\/v2\/pages\/333"}],"collection":[{"href":"https:\/\/www.cheflondra.com\/index.php\/wp-json\/wp\/v2\/pages"}],"about":[{"href":"https:\/\/www.cheflondra.com\/index.php\/wp-json\/wp\/v2\/types\/page"}],"author":[{"embeddable":true,"href":"https:\/\/www.cheflondra.com\/index.php\/wp-json\/wp\/v2\/users\/1"}],"replies":[{"embeddable":true,"href":"https:\/\/www.cheflondra.com\/index.php\/wp-json\/wp\/v2\/comments?post=333"}],"version-history":[{"count":25,"href":"https:\/\/www.cheflondra.com\/index.php\/wp-json\/wp\/v2\/pages\/333\/revisions"}],"predecessor-version":[{"id":723,"href":"https:\/\/www.cheflondra.com\/index.php\/wp-json\/wp\/v2\/pages\/333\/revisions\/723"}],"wp:attachment":[{"href":"https:\/\/www.cheflondra.com\/index.php\/wp-json\/wp\/v2\/media?parent=333"}],"curies":[{"name":"wp","href":"https:\/\/api.w.org\/{rel}","templated":true}]}}